{"id":336,"date":"2021-10-18T17:05:22","date_gmt":"2021-10-18T15:05:22","guid":{"rendered":"https:\/\/eutrconsulting.com\/damga\/"},"modified":"2021-10-21T15:20:59","modified_gmt":"2021-10-21T13:20:59","slug":"damga","status":"publish","type":"page","link":"https:\/\/eutrconsulting.com\/tr\/damga\/","title":{"rendered":"damga"},"content":{"rendered":"\n<h1 class=\"wp-block-heading\">damga<\/h1>\n\n<h2 class=\"wp-block-heading\">\u00a7 5 TMG&#8217;ye g\u00f6re:<\/h2>\n\n<p>EuTr Dan\u0131\u015fmanl\u0131k EH<br\/>Jan-Lukas Bobka<\/p>\n\n<h3 class=\"wp-block-heading\">Posta adresi:<\/h3>\n\n<p>Hauptstrasse 53<br\/>56858 Tellig<\/p>\n\n<h3 class=\"wp-block-heading\">Temas:<\/h3>\n\n<p>Telefon: +49 (0)65453269812<br\/>E-posta: info@eutrconsulting.com<\/p>\n\n<h2 class=\"wp-block-heading\">Web sitesindeki notlar<\/h2>\n\n<h2 class=\"wp-block-heading\">\u00a7 36 VSBG&#8217;ye g\u00f6re bilgiler<\/h2>\n\n<p>\u00a7 36 VSBG&#8217;ye g\u00f6re (T\u00fcketici Uyu\u015fmazl\u0131klar\u0131n\u0131n \u00c7\u00f6z\u00fcm\u00fc Yasas\u0131 &#8211; T\u00fcketici Sorunlar\u0131nda Alternatif Uyu\u015fmazl\u0131klar\u0131n \u00c7\u00f6z\u00fcm\u00fc Yasas\u0131), bu web sitesinin i\u015fletmecisi \u015funlar\u0131 beyan eder:<\/p>\n\n<p>Bir t\u00fcketici tahkim kurulu \u00f6n\u00fcnde anla\u015fmazl\u0131klar\u0131n halli i\u015flemlerine kat\u0131lmaya ne istekliyiz ne de mecburuz.<\/p>\n\n<p><em>Das Impressum wurde mit dem <a href=\"https:\/\/www.activemind.de\/datenschutz\/impressums-generator\/\">Impressums-Generator der activeMind AG<\/a> erstellt.<\/em><\/p>\n","protected":false},"excerpt":{"rendered":"<p>damga \u00a7 5 TMG&#8217;ye g\u00f6re: EuTr Dan\u0131\u015fmanl\u0131k EHJan-Lukas Bobka Posta adresi: Hauptstrasse 5356858 Tellig Temas: Telefon: +49 (0)65453269812E-posta: info@eutrconsulting.com Web sitesindeki notlar \u00a7 36 VSBG&#8217;ye g\u00f6re bilgiler \u00a7 36 VSBG&#8217;ye g\u00f6re (T\u00fcketici Uyu\u015fmazl\u0131klar\u0131n\u0131n \u00c7\u00f6z\u00fcm\u00fc Yasas\u0131 &#8211; T\u00fcketici Sorunlar\u0131nda Alternatif Uyu\u015fmazl\u0131klar\u0131n \u00c7\u00f6z\u00fcm\u00fc Yasas\u0131), bu web sitesinin i\u015fletmecisi \u015funlar\u0131 beyan eder: Bir t\u00fcketici tahkim kurulu \u00f6n\u00fcnde anla\u015fmazl\u0131klar\u0131n [&hellip;]<\/p>\n","protected":false},"author":1,"featured_media":0,"parent":0,"menu_order":0,"comment_status":"closed","ping_status":"closed","template":"","meta":{"footnotes":""},"class_list":["post-336","page","type-page","status-publish","hentry"],"yoast_head":"<!-- This site is optimized with the Yoast SEO plugin v27.5 - https:\/\/yoast.com\/product\/yoast-seo-wordpress\/ -->\n<title>damga - EuTrConsulting<\/title>\n<meta name=\"robots\" content=\"index, follow, max-snippet:-1, max-image-preview:large, max-video-preview:-1\" \/>\n<link rel=\"canonical\" href=\"https:\/\/eutrconsulting.com\/tr\/damga\/\" \/>\n<meta property=\"og:locale\" content=\"tr_TR\" \/>\n<meta property=\"og:type\" content=\"article\" \/>\n<meta property=\"og:title\" content=\"damga - EuTrConsulting\" \/>\n<meta property=\"og:description\" content=\"damga \u00a7 5 TMG&#8217;ye g\u00f6re: EuTr Dan\u0131\u015fmanl\u0131k EHJan-Lukas Bobka Posta adresi: Hauptstrasse 5356858 Tellig Temas: Telefon: +49 (0)65453269812E-posta: info@eutrconsulting.com Web sitesindeki notlar \u00a7 36 VSBG&#8217;ye g\u00f6re bilgiler \u00a7 36 VSBG&#8217;ye g\u00f6re (T\u00fcketici Uyu\u015fmazl\u0131klar\u0131n\u0131n \u00c7\u00f6z\u00fcm\u00fc Yasas\u0131 &#8211; T\u00fcketici Sorunlar\u0131nda Alternatif Uyu\u015fmazl\u0131klar\u0131n \u00c7\u00f6z\u00fcm\u00fc Yasas\u0131), bu web sitesinin i\u015fletmecisi \u015funlar\u0131 beyan eder: Bir t\u00fcketici tahkim kurulu \u00f6n\u00fcnde anla\u015fmazl\u0131klar\u0131n [&hellip;]\" \/>\n<meta property=\"og:url\" content=\"https:\/\/eutrconsulting.com\/tr\/damga\/\" \/>\n<meta property=\"og:site_name\" content=\"EuTrConsulting\" \/>\n<meta property=\"article:modified_time\" content=\"2021-10-21T13:20:59+00:00\" \/>\n<meta name=\"twitter:card\" content=\"summary_large_image\" \/>\n<script type=\"application\/ld+json\" class=\"yoast-schema-graph\">{\"@context\":\"https:\\\/\\\/schema.org\",\"@graph\":[{\"@type\":\"WebPage\",\"@id\":\"https:\\\/\\\/eutrconsulting.com\\\/tr\\\/damga\\\/\",\"url\":\"https:\\\/\\\/eutrconsulting.com\\\/tr\\\/damga\\\/\",\"name\":\"damga - EuTrConsulting\",\"isPartOf\":{\"@id\":\"https:\\\/\\\/eutrconsulting.com\\\/tr\\\/#website\"},\"datePublished\":\"2021-10-18T15:05:22+00:00\",\"dateModified\":\"2021-10-21T13:20:59+00:00\",\"breadcrumb\":{\"@id\":\"https:\\\/\\\/eutrconsulting.com\\\/tr\\\/damga\\\/#breadcrumb\"},\"inLanguage\":\"tr\",\"potentialAction\":[{\"@type\":\"ReadAction\",\"target\":[\"https:\\\/\\\/eutrconsulting.com\\\/tr\\\/damga\\\/\"]}]},{\"@type\":\"BreadcrumbList\",\"@id\":\"https:\\\/\\\/eutrconsulting.com\\\/tr\\\/damga\\\/#breadcrumb\",\"itemListElement\":[{\"@type\":\"ListItem\",\"position\":1,\"name\":\"Startseite\",\"item\":\"https:\\\/\\\/eutrconsulting.com\\\/tr\\\/\"},{\"@type\":\"ListItem\",\"position\":2,\"name\":\"damga\"}]},{\"@type\":\"WebSite\",\"@id\":\"https:\\\/\\\/eutrconsulting.com\\\/tr\\\/#website\",\"url\":\"https:\\\/\\\/eutrconsulting.com\\\/tr\\\/\",\"name\":\"EuTrConsulting\",\"description\":\"the matchmakers\",\"potentialAction\":[{\"@type\":\"SearchAction\",\"target\":{\"@type\":\"EntryPoint\",\"urlTemplate\":\"https:\\\/\\\/eutrconsulting.com\\\/tr\\\/?s={search_term_string}\"},\"query-input\":{\"@type\":\"PropertyValueSpecification\",\"valueRequired\":true,\"valueName\":\"search_term_string\"}}],\"inLanguage\":\"tr\"}]}<\/script>\n<!-- \/ Yoast SEO plugin. -->","yoast_head_json":{"title":"damga - EuTrConsulting","robots":{"index":"index","follow":"follow","max-snippet":"max-snippet:-1","max-image-preview":"max-image-preview:large","max-video-preview":"max-video-preview:-1"},"canonical":"https:\/\/eutrconsulting.com\/tr\/damga\/","og_locale":"tr_TR","og_type":"article","og_title":"damga - EuTrConsulting","og_description":"damga \u00a7 5 TMG&#8217;ye g\u00f6re: EuTr Dan\u0131\u015fmanl\u0131k EHJan-Lukas Bobka Posta adresi: Hauptstrasse 5356858 Tellig Temas: Telefon: +49 (0)65453269812E-posta: info@eutrconsulting.com Web sitesindeki notlar \u00a7 36 VSBG&#8217;ye g\u00f6re bilgiler \u00a7 36 VSBG&#8217;ye g\u00f6re (T\u00fcketici Uyu\u015fmazl\u0131klar\u0131n\u0131n \u00c7\u00f6z\u00fcm\u00fc Yasas\u0131 &#8211; T\u00fcketici Sorunlar\u0131nda Alternatif Uyu\u015fmazl\u0131klar\u0131n \u00c7\u00f6z\u00fcm\u00fc Yasas\u0131), bu web sitesinin i\u015fletmecisi \u015funlar\u0131 beyan eder: Bir t\u00fcketici tahkim kurulu \u00f6n\u00fcnde anla\u015fmazl\u0131klar\u0131n [&hellip;]","og_url":"https:\/\/eutrconsulting.com\/tr\/damga\/","og_site_name":"EuTrConsulting","article_modified_time":"2021-10-21T13:20:59+00:00","twitter_card":"summary_large_image","schema":{"@context":"https:\/\/schema.org","@graph":[{"@type":"WebPage","@id":"https:\/\/eutrconsulting.com\/tr\/damga\/","url":"https:\/\/eutrconsulting.com\/tr\/damga\/","name":"damga - EuTrConsulting","isPartOf":{"@id":"https:\/\/eutrconsulting.com\/tr\/#website"},"datePublished":"2021-10-18T15:05:22+00:00","dateModified":"2021-10-21T13:20:59+00:00","breadcrumb":{"@id":"https:\/\/eutrconsulting.com\/tr\/damga\/#breadcrumb"},"inLanguage":"tr","potentialAction":[{"@type":"ReadAction","target":["https:\/\/eutrconsulting.com\/tr\/damga\/"]}]},{"@type":"BreadcrumbList","@id":"https:\/\/eutrconsulting.com\/tr\/damga\/#breadcrumb","itemListElement":[{"@type":"ListItem","position":1,"name":"Startseite","item":"https:\/\/eutrconsulting.com\/tr\/"},{"@type":"ListItem","position":2,"name":"damga"}]},{"@type":"WebSite","@id":"https:\/\/eutrconsulting.com\/tr\/#website","url":"https:\/\/eutrconsulting.com\/tr\/","name":"EuTrConsulting","description":"the matchmakers","potentialAction":[{"@type":"SearchAction","target":{"@type":"EntryPoint","urlTemplate":"https:\/\/eutrconsulting.com\/tr\/?s={search_term_string}"},"query-input":{"@type":"PropertyValueSpecification","valueRequired":true,"valueName":"search_term_string"}}],"inLanguage":"tr"}]}},"_links":{"self":[{"href":"https:\/\/eutrconsulting.com\/tr\/wp-json\/wp\/v2\/pages\/336","targetHints":{"allow":["GET"]}}],"collection":[{"href":"https:\/\/eutrconsulting.com\/tr\/wp-json\/wp\/v2\/pages"}],"about":[{"href":"https:\/\/eutrconsulting.com\/tr\/wp-json\/wp\/v2\/types\/page"}],"author":[{"embeddable":true,"href":"https:\/\/eutrconsulting.com\/tr\/wp-json\/wp\/v2\/users\/1"}],"replies":[{"embeddable":true,"href":"https:\/\/eutrconsulting.com\/tr\/wp-json\/wp\/v2\/comments?post=336"}],"version-history":[{"count":1,"href":"https:\/\/eutrconsulting.com\/tr\/wp-json\/wp\/v2\/pages\/336\/revisions"}],"predecessor-version":[{"id":337,"href":"https:\/\/eutrconsulting.com\/tr\/wp-json\/wp\/v2\/pages\/336\/revisions\/337"}],"wp:attachment":[{"href":"https:\/\/eutrconsulting.com\/tr\/wp-json\/wp\/v2\/media?parent=336"}],"curies":[{"name":"wp","href":"https:\/\/api.w.org\/{rel}","templated":true}]}}