{"id":306,"date":"2021-10-09T12:47:13","date_gmt":"2021-10-09T10:47:13","guid":{"rendered":"https:\/\/eutrconsulting.com\/eutr-danismanlik-yoenetim-danismanligi-almanya-tuerkiye\/"},"modified":"2021-10-21T12:25:26","modified_gmt":"2021-10-21T10:25:26","slug":"eutr-danismanlik-yoenetim-danismanligi-almanya-tuerkiye","status":"publish","type":"page","link":"https:\/\/eutrconsulting.com\/tr\/","title":{"rendered":"EuTr Dan\u0131\u015fmanl\u0131k &#8211; Y\u00f6netim Dan\u0131\u015fmanl\u0131\u011f\u0131 Almanya T\u00fcrkiye"},"content":{"rendered":"\n<style type=\"text\/css\" data-created_by=\"avia_inline_auto\" id=\"style-css-av-1es3k-5c219bb4b6e5d67a011dc63ebb0f1197\">\n.avia-section.av-1es3k-5c219bb4b6e5d67a011dc63ebb0f1197 .av-section-color-overlay{\nopacity:0.5;\nbackground-image:url(https:\/\/eutrconsulting.com\/wp-content\/themes\/enfold\/images\/background-images\/noise-for-light-background.png);\nbackground-repeat:repeat;\n}\n<\/style>\n<div id='home-video'  class='avia-section av-1es3k-5c219bb4b6e5d67a011dc63ebb0f1197 main_color avia-section-no-padding avia-no-border-styling  avia-builder-el-0  el_before_av_submenu  avia-builder-el-first  avia-bg-style-scroll av-section-color-overlay-active av-minimum-height av-minimum-height-100 av-height-100  av-section-with-video-bg container_wrap fullsize'   data-av_minimum_height_pc='100' data-av_min_height_opt='100' data-section-video-ratio='16:9'><div  class='avia-slideshow av_slideshow_obj-1-69e1078f34d4b avia-slideshow-featured av_slideshow avia-slide-slider av-slideshow-ui av-control-default av-slideshow-manual av-loop-once av-loop-manual-endless av-default-height-applied  av-section-video-bg avia-slideshow-1' data-slideshow-options=\"{&quot;animation&quot;:&quot;slide&quot;,&quot;autoplay&quot;:false,&quot;loop_autoplay&quot;:&quot;once&quot;,&quot;interval&quot;:5,&quot;loop_manual&quot;:&quot;manual-endless&quot;,&quot;autoplay_stopper&quot;:false,&quot;noNavigation&quot;:false,&quot;bg_slider&quot;:false,&quot;keep_padding&quot;:false,&quot;hoverpause&quot;:false,&quot;show_slide_delay&quot;:0}\"  itemprop=\"image\" itemscope=\"itemscope\" itemtype=\"https:\/\/schema.org\/ImageObject\" ><ul class='avia-slideshow-inner ' style='padding-bottom: 28.666666666667%;'><li  data-controls='disabled' data-mute='aviaTBaviaTBvideo_mute' data-loop='1' data-disable-autoplay=''  data-video-ratio='1.7777777777778' class='avia-slideshow-slide av_slideshow_obj-1-69e1078f34d4b__0  av-video-slide  av-video-service-html5  av-hide-video-controls av-mute-video av-loop-video  av-single-slide slide-1 slide-odd'><div data-rel='slideshow-1' class='avia-slide-wrap '    itemprop=\"video\" itemtype=\"https:\/\/schema.org\/VideoObject\" ><div class='av-click-overlay'><\/div><video class='avia_video'  autoplay playsinline loop preload=\"metadata\" muted  id='player_306_1421396863_1762874750'><source src=\"https:\/\/eutrconsulting.com\/wp-content\/uploads\/2021\/10\/EUTR-Intro.mp4\" type=\"video\/mp4\" \/><\/video><div class=\"av-click-to-play-overlay\"><div class=\"avia_playpause_icon\"><\/div><\/div><\/div><\/li><\/ul><\/div><div class=\"av-section-color-overlay-wrap\"><div class=\"av-section-color-overlay\"><\/div><a href='#next-section' title='' class='scroll-down-link  avia-svg-icon avia-font-svg_entypo-fontello' data-av_svg_icon='down-open-mini' data-av_iconset='svg_entypo-fontello'><svg version=\"1.1\" xmlns=\"http:\/\/www.w3.org\/2000\/svg\" width=\"15\" height=\"32\" viewBox=\"0 0 15 32\" preserveAspectRatio=\"xMidYMid meet\" aria-labelledby='av-svg-title-1' aria-describedby='av-svg-desc-1' role=\"graphics-symbol\" aria-hidden=\"true\">\n<title id='av-svg-title-1'>Scroll to next section<\/title>\n<desc id='av-svg-desc-1'>Scroll to next section<\/desc>\n<path d=\"M12.96 12.16q0.704-0.832 1.536 0 0.832 0.704 0 1.536l-6.272 6.144q-0.704 0.704-1.536 0l-6.272-6.144q-0.832-0.832 0-1.536 0.768-0.768 1.6 0l5.44 4.992z\"><\/path>\n<\/svg><\/a><div class='container av-section-cont-open' ><main  role=\"main\" itemprop=\"mainContentOfPage\"  class='template-page content  av-content-full alpha units'><div class='post-entry post-entry-type-page post-entry-306'><div class='entry-content-wrapper clearfix'>\n<\/div><\/div><\/main><!-- close content main element --><\/div><\/div><\/div><div class='clear'><\/div><div id='sub_menu1'  class='av-submenu-container av-kuwtmmoe-de8dbe6cbb51ee46a16d561319517b6e header_color  avia-builder-el-1  el_after_av_section  el_before_av_section  av-sticky-submenu submenu-not-first container_wrap fullsize' style='z-index:301' ><div class='container av-menu-mobile-disabled av-submenu-pos-center'><ul id=\"menu-menue-tuerkisch\" class=\"av-subnav-menu\" role=\"menu\"><li role=\"menuitem\" id=\"menu-item-329\" class=\"menu-item menu-item-type-post_type menu-item-object-page menu-item-home menu-item-top-level menu-item-top-level-1\"><a href=\"https:\/\/eutrconsulting.com\/tr\/\" itemprop=\"url\" tabindex=\"0\"><span class=\"avia-bullet\"><\/span><span class=\"avia-menu-text\">Ana sayfa<\/span><span class=\"avia-menu-fx\"><span class=\"avia-arrow-wrap\"><span class=\"avia-arrow\"><\/span><\/span><\/span><\/a><\/li>\n<li role=\"menuitem\" id=\"menu-item-330\" class=\"menu-item menu-item-type-post_type menu-item-object-page menu-item-top-level menu-item-top-level-2\"><a href=\"https:\/\/eutrconsulting.com\/tr\/enduestriyel-fuar\/\" itemprop=\"url\" tabindex=\"0\"><span class=\"avia-bullet\"><\/span><span class=\"avia-menu-text\">end\u00fcstriyel fuar<\/span><span class=\"avia-menu-fx\"><span class=\"avia-arrow-wrap\"><span class=\"avia-arrow\"><\/span><\/span><\/span><\/a><\/li>\n<li role=\"menuitem\" id=\"menu-item-331\" class=\"menu-item menu-item-type-post_type menu-item-object-page menu-item-top-level menu-item-top-level-3\"><a href=\"https:\/\/eutrconsulting.com\/tr\/pazarlama\/\" itemprop=\"url\" tabindex=\"0\"><span class=\"avia-bullet\"><\/span><span class=\"avia-menu-text\">pazarlama<\/span><span class=\"avia-menu-fx\"><span class=\"avia-arrow-wrap\"><span class=\"avia-arrow\"><\/span><\/span><\/span><\/a><\/li>\n<li role=\"menuitem\" id=\"menu-item-332\" class=\"menu-item menu-item-type-post_type menu-item-object-page menu-item-top-level menu-item-top-level-4\"><a href=\"https:\/\/eutrconsulting.com\/tr\/ise-baslama\/\" itemprop=\"url\" tabindex=\"0\"><span class=\"avia-bullet\"><\/span><span class=\"avia-menu-text\">\u0130\u015fe ba\u015flama<\/span><span class=\"avia-menu-fx\"><span class=\"avia-arrow-wrap\"><span class=\"avia-arrow\"><\/span><\/span><\/span><\/a><\/li>\n<li role=\"menuitem\" id=\"menu-item-wpml-ls-3-de\" class=\"menu-item-language menu-item wpml-ls-slot-3 wpml-ls-item wpml-ls-item-de wpml-ls-menu-item wpml-ls-first-item menu-item-type-wpml_ls_menu_item menu-item-object-wpml_ls_menu_item menu-item-top-level menu-item-top-level-5\"><a title=\"Switch to Almanca\" href=\"https:\/\/eutrconsulting.com\/\" itemprop=\"url\" tabindex=\"0\"><span class=\"avia-bullet\"><\/span><span class=\"avia-menu-text\"><img decoding=\"async\"\n            class=\"wpml-ls-flag\"\n            src=\"https:\/\/eutrconsulting.com\/wp-content\/plugins\/sitepress-multilingual-cms\/res\/flags\/de.png\"\n            alt=\"Almanca\"\n            loading=\"lazy\"\n            \n            \n    \/><\/span><span class=\"avia-menu-fx\"><span class=\"avia-arrow-wrap\"><span class=\"avia-arrow\"><\/span><\/span><\/span><\/a><\/li>\n<li role=\"menuitem\" id=\"menu-item-wpml-ls-3-tr\" class=\"menu-item-language menu-item-language-current menu-item wpml-ls-slot-3 wpml-ls-item wpml-ls-item-tr wpml-ls-current-language wpml-ls-menu-item wpml-ls-last-item menu-item-type-wpml_ls_menu_item menu-item-object-wpml_ls_menu_item menu-item-top-level menu-item-top-level-6\"><a href=\"https:\/\/eutrconsulting.com\/tr\/\" itemprop=\"url\" tabindex=\"0\"><span class=\"avia-bullet\"><\/span><span class=\"avia-menu-text\"><img decoding=\"async\"\n            class=\"wpml-ls-flag\"\n            src=\"https:\/\/eutrconsulting.com\/wp-content\/plugins\/sitepress-multilingual-cms\/res\/flags\/tr.png\"\n            alt=\"T\u00fcrk\u00e7e\"\n            loading=\"lazy\"\n            \n            \n    \/><\/span><span class=\"avia-menu-fx\"><span class=\"avia-arrow-wrap\"><span class=\"avia-arrow\"><\/span><\/span><\/span><\/a><\/li>\n<\/ul><\/div><\/div><div class='sticky_placeholder'><\/div>\n<div id='das-machen-wir'  class='avia-section av-kuwblpos-bd7c0682be2a0a0cf60916237bf4f247 main_color avia-section-default avia-no-border-styling  avia-builder-el-2  el_after_av_submenu  el_before_av_layout_row  avia-bg-style-scroll container_wrap fullsize'  ><div class='container av-section-cont-open' ><div class='template-page content  av-content-full alpha units'><div class='post-entry post-entry-type-page post-entry-306'><div class='entry-content-wrapper clearfix'>\n<div  class='flex_column av-kuwaur95-d108f360a677ba8cb4e8413f34630cb2 av_one_third  avia-builder-el-3  el_before_av_two_third  avia-builder-el-first  first flex_column_div av-animated-generic right-to-left  '     ><p>\n<style type=\"text\/css\" data-created_by=\"avia_inline_auto\" id=\"style-css-av-kuzlfpqk-4d1b2f389f749eb63d899a36ecbbd6c1\">\n.avia-image-container.av-kuzlfpqk-4d1b2f389f749eb63d899a36ecbbd6c1 img.avia_image{\nbox-shadow:none;\n}\n.avia-image-container.av-kuzlfpqk-4d1b2f389f749eb63d899a36ecbbd6c1 .av-image-caption-overlay-center{\ncolor:#ffffff;\n}\n<\/style>\n<div  class='avia-image-container av-kuzlfpqk-4d1b2f389f749eb63d899a36ecbbd6c1 av-styling-no-styling av-hover-grow avia_animated_image av-animated-when-visible-95 top-to-bottom avia-align-center  avia-builder-el-4  el_before_av_iconlist  avia-builder-el-first '   itemprop=\"image\" itemscope=\"itemscope\" itemtype=\"https:\/\/schema.org\/ImageObject\" ><div class=\"avia-image-container-inner\"><div class=\"avia-image-overlay-wrap\"><img decoding=\"async\" fetchpriority=\"high\" class='avia-img-lazy-loading-not- avia_image ' src=\"https:\/\/eutrconsulting.com\/wp-content\/uploads\/2021\/10\/Logo-transparent-300x207.png\" alt='' title=''   itemprop=\"thumbnailUrl\"  \/><\/div><\/div><\/div><br \/>\n\n<style type=\"text\/css\" data-created_by=\"avia_inline_auto\" id=\"style-css-av-2ii9o-d362bd53ce91c0451d8d2b0174baafe7\">\n#top .avia-icon-list-container.av-2ii9o-d362bd53ce91c0451d8d2b0174baafe7 .iconlist_icon{\ncolor:#ffffff;\nbackground-color:#00ab8f;\n}\n#top .avia-icon-list-container.av-2ii9o-d362bd53ce91c0451d8d2b0174baafe7 .iconlist_icon svg:first-child{\nstroke:#ffffff;\nfill:#ffffff;\n}\n<\/style>\n<div  class='avia-icon-list-container av-2ii9o-d362bd53ce91c0451d8d2b0174baafe7  avia-builder-el-5  el_after_av_image  avia-builder-el-last '><ul class='avia-icon-list avia_animate_when_almost_visible avia-icon-list-left av-iconlist-big av-2ii9o-d362bd53ce91c0451d8d2b0174baafe7 avia-iconlist-animate'>\n<li><a href='https:\/\/eutrconsulting.com\/tr\/enduestriyel-fuar\/' title='end\u00fcstriyel fuar'  class='iconlist_icon av-2859w-2e4e0c62e2fa2fa13f96ee1484156b02 avia-font-entypo-fontello avia-iconfont avia-font-entypo-fontello'><span class='av-icon-char' data-av_icon='\ue8b6' data-av_iconfont='entypo-fontello' aria-hidden=\"true\"><\/span><\/a><article class=\"article-icon-entry \"  itemscope=\"itemscope\" itemtype=\"https:\/\/schema.org\/CreativeWork\" ><div class=\"iconlist_content_wrap\"><header class=\"entry-content-header\" aria-label=\"Icon: &lt;a href=&#039;https:\/\/eutrconsulting.com\/tr\/enduestriyel-fuar\/&#039; title=&#039;end\u00fcstriyel fuar&#039;&gt;end\u00fcstriyel fuar&lt;\/a&gt;\"><h4 class='av_iconlist_title iconlist_title  '  itemprop=\"headline\" ><a href='https:\/\/eutrconsulting.com\/tr\/enduestriyel-fuar\/' title='end\u00fcstriyel fuar'>end\u00fcstriyel fuar<\/a><\/h4><\/header><div class='iconlist_content '  itemprop=\"text\" ><p>Planlama ve uygulama<\/p>\n<\/div><\/div><footer class=\"entry-footer\"><\/footer><\/article><div class=\"iconlist-timeline\"><\/div><\/li>\n<li><a href='https:\/\/eutrconsulting.com\/tr\/ise-baslama\/' title='ilk i\u015f temas\u0131'  class='iconlist_icon av-1ibq0-96e7a1b9d07afab6e712c85ec0453828 avia-font-entypo-fontello avia-iconfont avia-font-entypo-fontello'><span class='av-icon-char' data-av_icon='\ue8bb' data-av_iconfont='entypo-fontello' aria-hidden=\"true\"><\/span><\/a><article class=\"article-icon-entry \"  itemscope=\"itemscope\" itemtype=\"https:\/\/schema.org\/CreativeWork\" ><div class=\"iconlist_content_wrap\"><header class=\"entry-content-header\" aria-label=\"Icon: &lt;a href=&#039;https:\/\/eutrconsulting.com\/tr\/ise-baslama\/&#039; title=&#039;ilk i\u015f temas\u0131&#039;&gt;ilk i\u015f temas\u0131&lt;\/a&gt;\"><h4 class='av_iconlist_title iconlist_title  '  itemprop=\"headline\" ><a href='https:\/\/eutrconsulting.com\/tr\/ise-baslama\/' title='ilk i\u015f temas\u0131'>ilk i\u015f temas\u0131<\/a><\/h4><\/header><div class='iconlist_content '  itemprop=\"text\" ><p>\u00dcr\u00fcnleri ve \u00fcreticileri bulun<\/p>\n<\/div><\/div><footer class=\"entry-footer\"><\/footer><\/article><div class=\"iconlist-timeline\"><\/div><\/li>\n<li><a href='https:\/\/eutrconsulting.com\/tr\/pazarlama\/' title='pazarlama'  class='iconlist_icon av-uovg-53effa17abb92416832c74a4e4d181a3 avia-font-entypo-fontello avia-iconfont avia-font-entypo-fontello'><span class='av-icon-char' data-av_icon='' data-av_iconfont='entypo-fontello' aria-hidden=\"true\"><\/span><\/a><article class=\"article-icon-entry \"  itemscope=\"itemscope\" itemtype=\"https:\/\/schema.org\/CreativeWork\" ><div class=\"iconlist_content_wrap\"><header class=\"entry-content-header\" aria-label=\"Icon: &lt;a href=&#039;https:\/\/eutrconsulting.com\/tr\/pazarlama\/&#039; title=&#039;pazarlama&#039;&gt;pazarlama&lt;\/a&gt;\"><h4 class='av_iconlist_title iconlist_title  '  itemprop=\"headline\" ><a href='https:\/\/eutrconsulting.com\/tr\/pazarlama\/' title='pazarlama'>pazarlama<\/a><\/h4><\/header><div class='iconlist_content '  itemprop=\"text\" ><p>Markala\u015fma, web tasar\u0131m\u0131, reklam<\/p>\n<\/div><\/div><footer class=\"entry-footer\"><\/footer><\/article><div class=\"iconlist-timeline\"><\/div><\/li>\n<\/ul><\/div><\/p><\/div><div  class='flex_column av-3z9ng-0b258e2b62954c2401f18e05114a390d av_two_third  avia-builder-el-6  el_after_av_one_third  avia-builder-el-last  flex_column_div  '     ><section  class='av_textblock_section av-kuwamqko-af8fa8781d9f905858c141592bc6944e '   itemscope=\"itemscope\" itemtype=\"https:\/\/schema.org\/CreativeWork\" ><div class='avia_textblock'  itemprop=\"text\" ><p><strong>Biz EuTr-Consulting&#8217;iz &#8211; Almanya&#8217;dan T\u00fcrk k\u00f6kenli ve Alman erdemlerine sahip y\u00f6netim dan\u0131\u015fmanl\u0131\u011f\u0131.<\/strong><\/p>\n<blockquote>\n<p>Bat\u0131 ve Do\u011fu&#8217;nun ticari geleneklerini, k\u00fclt\u00fcr\u00fcn\u00fc ve duygular\u0131n\u0131 birle\u015ftirmeyi ba\u015fard\u0131k.<\/p>\n<\/blockquote>\n<p>Hedefimiz: Avrupa ve d\u00fcnyadaki firmalar\u0131 T\u00fcrkiye ile bulu\u015fturmak. Bunun i\u00e7in her \u015feyi m\u00fcmk\u00fcn k\u0131l\u0131yoruz.<\/p>\n<p>Ayr\u0131ca uzak yerlerde \u015firket temsilcili\u011finizi de \u00fcstleniyoruz. Gerekirse markala\u015fma ve pazarlama g\u00f6revleri de sunuyoruz.<\/p>\n<p>Alman-T\u00fcrk ticari ili\u015fkilerinde muhatab\u0131n\u0131z\u0131z.<\/p>\n<p>Ki\u015fisel deneyimimiz, iyi niyetli niyetlere ra\u011fmen, ileti\u015fimde tekrar tekrar yanl\u0131\u015f anlamalar\u0131n ortaya \u00e7\u0131kabilece\u011fini g\u00f6stermi\u015ftir. T\u00fcm yaz\u0131\u015fma ve i\u015flemlerde size yard\u0131mc\u0131 olaca\u011f\u0131z.<\/p>\n<p>Yeni \u00fcretim tesisleri veya \u00fcr\u00fcn alternatifleri ar\u0131yorsan\u0131z bizimle ileti\u015fime ge\u00e7mekten \u00e7ekinmeyin. Hammadde sekt\u00f6r\u00fcyle de ba\u011flant\u0131lar\u0131m\u0131z var ve yerel \u00fcretiminize destek olabiliriz.<\/p>\n<p>Bize yaz\u0131n ve durumunuzu a\u00e7\u0131klay\u0131n. Birlikte bundan en iyi \u015fekilde yararlan\u0131r\u0131z.<\/p>\n<\/div><\/section><\/div><\/div><\/div><\/div><!-- close content main div --><\/div><\/div><div id='av-layout-grid-1'  class='av-layout-grid-container av-5b6cc-11883a32a3fd9cfe18c576f937c0dbaf entry-content-wrapper main_color av-flex-cells  avia-builder-el-8  el_after_av_section  avia-builder-el-last  grid-row-not-first  container_wrap fullsize'  >\n<div class='flex_cell av-4hzc8-efa83869dd5fc0cb8ab7ce6755841c1c av-gridrow-cell av_one_third no_margin  avia-builder-el-9  el_before_av_cell_one_third  avia-builder-el-first '  ><div class='flex_cell_inner'><\/div><\/div><div class='flex_cell av-3r5ag-ec5e9620e4a251c8a1970a719a03c3c1 av-gridrow-cell av_one_third no_margin  avia-builder-el-10  el_after_av_cell_one_third  el_before_av_cell_one_third '  ><div class='flex_cell_inner'><form action=\"https:\/\/eutrconsulting.com\/tr\/\" method=\"post\" data-fields-with-error=\"Found errors in the following field(s):\" class=\"avia_ajax_form av-form-labels-hidden   avia-builder-el-11  avia-builder-el-no-sibling  av-custom-form-color av-dark-form \" data-avia-form-id=\"1\" data-avia-redirect='' ><h3 class=''>bize yaz\u0131n<br \/>\n<\/h3><fieldset><p class='  first_form  form_element form_fullwidth' id='element_avia_1_1'><label for=\"avia_1_1\">Soyad\u0131 <abbr class=\"required\" title=\"Zorunlu\">*<\/abbr><\/label> <input name=\"avia_1_1\" class=\"text_input is_empty\" type=\"text\" id=\"avia_1_1\" value=\"\"  placeholder='Soyad\u0131*'\/><\/p><p class='  first_form  form_element form_fullwidth' id='element_avia_2_1'><label for=\"avia_2_1\">e-posta <abbr class=\"required\" title=\"Zorunlu\">*<\/abbr><\/label> <input name=\"avia_2_1\" class=\"text_input is_email\" type=\"text\" id=\"avia_2_1\" value=\"\"  placeholder='e-posta*'\/><\/p><p class='  first_form  form_element form_fullwidth av-last-visible-form-element' id='element_avia_3_1'><label for=\"avia_3_1\" class=\"textare_label hidden textare_label_avia_3_1\">Haberler <abbr class=\"required\" title=\"Zorunlu\">*<\/abbr><\/label><textarea  placeholder='Haberler*' name=\"avia_3_1\" class=\"text_area is_empty\" cols=\"40\" rows=\"7\" id=\"avia_3_1\" ><\/textarea><\/p><p class=\"hidden\"><input type=\"text\" name=\"avia_4_1\" class=\"hidden \" id=\"avia_4_1\" value=\"\" \/><\/p><p class=\"form_element \"><input type=\"hidden\" value=\"1\" name=\"avia_generated_form1\" \/><input type=\"submit\" value=\"G\u00f6ndermek\" class=\"button\"  data-sending-label=\"G\u00f6nderiliyor\"\/><\/p><\/fieldset><\/form><div id=\"ajaxresponse_1\" class=\"ajaxresponse ajaxresponse_1 hidden\"><\/div>\n<\/div><\/div>\n<style type=\"text\/css\" data-created_by=\"avia_inline_auto\" id=\"style-css-av-u920-283394cffe040043e6f5885018a1539e\">\n.flex_cell.av-u920-283394cffe040043e6f5885018a1539e{\nvertical-align:top;\n}\n.responsive #top #wrap_all .flex_cell.av-u920-283394cffe040043e6f5885018a1539e{\npadding:30px 30px 30px 30px !important;\n}\n<\/style>\n<div class='flex_cell av-u920-283394cffe040043e6f5885018a1539e av-gridrow-cell av_one_third no_margin  avia-builder-el-12  el_after_av_cell_one_third  avia-builder-el-last  content-align-top'  ><div class='flex_cell_inner'><\/div><\/div>\n<\/div><\/p>\n","protected":false},"excerpt":{"rendered":"","protected":false},"author":1,"featured_media":0,"parent":0,"menu_order":0,"comment_status":"closed","ping_status":"closed","template":"","meta":{"footnotes":""},"class_list":["post-306","page","type-page","status-publish","hentry"],"yoast_head":"<!-- This site is optimized with the Yoast SEO plugin v27.4 - https:\/\/yoast.com\/product\/yoast-seo-wordpress\/ -->\n<title>EuTr Dan\u0131\u015fmanl\u0131k - Y\u00f6netim Dan\u0131\u015fmanl\u0131\u011f\u0131 Almanya T\u00fcrkiye - EuTrConsulting<\/title>\n<meta name=\"robots\" content=\"index, follow, max-snippet:-1, max-image-preview:large, max-video-preview:-1\" \/>\n<link rel=\"canonical\" href=\"https:\/\/eutrconsulting.com\/tr\/\" \/>\n<meta property=\"og:locale\" content=\"tr_TR\" \/>\n<meta property=\"og:type\" content=\"article\" \/>\n<meta property=\"og:title\" content=\"EuTr Dan\u0131\u015fmanl\u0131k - Y\u00f6netim Dan\u0131\u015fmanl\u0131\u011f\u0131 Almanya T\u00fcrkiye - EuTrConsulting\" \/>\n<meta property=\"og:url\" content=\"https:\/\/eutrconsulting.com\/tr\/\" \/>\n<meta property=\"og:site_name\" content=\"EuTrConsulting\" \/>\n<meta property=\"article:modified_time\" content=\"2021-10-21T10:25:26+00:00\" \/>\n<meta name=\"twitter:card\" content=\"summary_large_image\" \/>\n<meta name=\"twitter:label1\" content=\"Tahmini okuma s\u00fcresi\" \/>\n\t<meta name=\"twitter:data1\" content=\"10 dakika\" \/>\n<script type=\"application\/ld+json\" class=\"yoast-schema-graph\">{\"@context\":\"https:\\\/\\\/schema.org\",\"@graph\":[{\"@type\":\"WebPage\",\"@id\":\"https:\\\/\\\/eutrconsulting.com\\\/tr\\\/\",\"url\":\"https:\\\/\\\/eutrconsulting.com\\\/tr\\\/\",\"name\":\"EuTr Dan\u0131\u015fmanl\u0131k - Y\u00f6netim Dan\u0131\u015fmanl\u0131\u011f\u0131 Almanya T\u00fcrkiye - EuTrConsulting\",\"isPartOf\":{\"@id\":\"https:\\\/\\\/eutrconsulting.com\\\/tr\\\/#website\"},\"datePublished\":\"2021-10-09T10:47:13+00:00\",\"dateModified\":\"2021-10-21T10:25:26+00:00\",\"breadcrumb\":{\"@id\":\"https:\\\/\\\/eutrconsulting.com\\\/tr\\\/#breadcrumb\"},\"inLanguage\":\"tr\",\"potentialAction\":[{\"@type\":\"ReadAction\",\"target\":[\"https:\\\/\\\/eutrconsulting.com\\\/tr\\\/\"]}]},{\"@type\":\"BreadcrumbList\",\"@id\":\"https:\\\/\\\/eutrconsulting.com\\\/tr\\\/#breadcrumb\",\"itemListElement\":[{\"@type\":\"ListItem\",\"position\":1,\"name\":\"Startseite\",\"item\":\"https:\\\/\\\/eutrconsulting.com\\\/tr\\\/\"},{\"@type\":\"ListItem\",\"position\":2,\"name\":\"EuTr Dan\u0131\u015fmanl\u0131k &#8211; Y\u00f6netim Dan\u0131\u015fmanl\u0131\u011f\u0131 Almanya T\u00fcrkiye\"}]},{\"@type\":\"WebSite\",\"@id\":\"https:\\\/\\\/eutrconsulting.com\\\/tr\\\/#website\",\"url\":\"https:\\\/\\\/eutrconsulting.com\\\/tr\\\/\",\"name\":\"EuTrConsulting\",\"description\":\"the matchmakers\",\"potentialAction\":[{\"@type\":\"SearchAction\",\"target\":{\"@type\":\"EntryPoint\",\"urlTemplate\":\"https:\\\/\\\/eutrconsulting.com\\\/tr\\\/?s={search_term_string}\"},\"query-input\":{\"@type\":\"PropertyValueSpecification\",\"valueRequired\":true,\"valueName\":\"search_term_string\"}}],\"inLanguage\":\"tr\"}]}<\/script>\n<!-- \/ Yoast SEO plugin. -->","yoast_head_json":{"title":"EuTr Dan\u0131\u015fmanl\u0131k - Y\u00f6netim Dan\u0131\u015fmanl\u0131\u011f\u0131 Almanya T\u00fcrkiye - EuTrConsulting","robots":{"index":"index","follow":"follow","max-snippet":"max-snippet:-1","max-image-preview":"max-image-preview:large","max-video-preview":"max-video-preview:-1"},"canonical":"https:\/\/eutrconsulting.com\/tr\/","og_locale":"tr_TR","og_type":"article","og_title":"EuTr Dan\u0131\u015fmanl\u0131k - Y\u00f6netim Dan\u0131\u015fmanl\u0131\u011f\u0131 Almanya T\u00fcrkiye - EuTrConsulting","og_url":"https:\/\/eutrconsulting.com\/tr\/","og_site_name":"EuTrConsulting","article_modified_time":"2021-10-21T10:25:26+00:00","twitter_card":"summary_large_image","twitter_misc":{"Tahmini okuma s\u00fcresi":"10 dakika"},"schema":{"@context":"https:\/\/schema.org","@graph":[{"@type":"WebPage","@id":"https:\/\/eutrconsulting.com\/tr\/","url":"https:\/\/eutrconsulting.com\/tr\/","name":"EuTr Dan\u0131\u015fmanl\u0131k - Y\u00f6netim Dan\u0131\u015fmanl\u0131\u011f\u0131 Almanya T\u00fcrkiye - EuTrConsulting","isPartOf":{"@id":"https:\/\/eutrconsulting.com\/tr\/#website"},"datePublished":"2021-10-09T10:47:13+00:00","dateModified":"2021-10-21T10:25:26+00:00","breadcrumb":{"@id":"https:\/\/eutrconsulting.com\/tr\/#breadcrumb"},"inLanguage":"tr","potentialAction":[{"@type":"ReadAction","target":["https:\/\/eutrconsulting.com\/tr\/"]}]},{"@type":"BreadcrumbList","@id":"https:\/\/eutrconsulting.com\/tr\/#breadcrumb","itemListElement":[{"@type":"ListItem","position":1,"name":"Startseite","item":"https:\/\/eutrconsulting.com\/tr\/"},{"@type":"ListItem","position":2,"name":"EuTr Dan\u0131\u015fmanl\u0131k &#8211; Y\u00f6netim Dan\u0131\u015fmanl\u0131\u011f\u0131 Almanya T\u00fcrkiye"}]},{"@type":"WebSite","@id":"https:\/\/eutrconsulting.com\/tr\/#website","url":"https:\/\/eutrconsulting.com\/tr\/","name":"EuTrConsulting","description":"the matchmakers","potentialAction":[{"@type":"SearchAction","target":{"@type":"EntryPoint","urlTemplate":"https:\/\/eutrconsulting.com\/tr\/?s={search_term_string}"},"query-input":{"@type":"PropertyValueSpecification","valueRequired":true,"valueName":"search_term_string"}}],"inLanguage":"tr"}]}},"_links":{"self":[{"href":"https:\/\/eutrconsulting.com\/tr\/wp-json\/wp\/v2\/pages\/306","targetHints":{"allow":["GET"]}}],"collection":[{"href":"https:\/\/eutrconsulting.com\/tr\/wp-json\/wp\/v2\/pages"}],"about":[{"href":"https:\/\/eutrconsulting.com\/tr\/wp-json\/wp\/v2\/types\/page"}],"author":[{"embeddable":true,"href":"https:\/\/eutrconsulting.com\/tr\/wp-json\/wp\/v2\/users\/1"}],"replies":[{"embeddable":true,"href":"https:\/\/eutrconsulting.com\/tr\/wp-json\/wp\/v2\/comments?post=306"}],"version-history":[{"count":7,"href":"https:\/\/eutrconsulting.com\/tr\/wp-json\/wp\/v2\/pages\/306\/revisions"}],"predecessor-version":[{"id":317,"href":"https:\/\/eutrconsulting.com\/tr\/wp-json\/wp\/v2\/pages\/306\/revisions\/317"}],"wp:attachment":[{"href":"https:\/\/eutrconsulting.com\/tr\/wp-json\/wp\/v2\/media?parent=306"}],"curies":[{"name":"wp","href":"https:\/\/api.w.org\/{rel}","templated":true}]}}